{"id":2448,"date":"2025-04-02T14:20:29","date_gmt":"2025-04-02T14:20:29","guid":{"rendered":"http:\/\/www.my-kml.com\/?post_type=product&#038;p=2448"},"modified":"2025-04-02T14:20:29","modified_gmt":"2025-04-02T14:20:29","slug":"hitachi-hitach-short-distance-lcd-projector-hcp-q86","status":"publish","type":"product","link":"http:\/\/www.my-kml.com\/?product=hitachi-hitach-short-distance-lcd-projector-hcp-q86","title":{"rendered":"Hitachi HITACH Short Distance LCD Projector HCP-Q86"},"content":{"rendered":"<p><strong><span style=\"color: #0000ff;\">Hitachi HITACH Short Distance LCD Projector HCP-Q86<\/span><\/strong><br \/>\nBrightness: 3200 lumens<br \/>\nContrast ratio: 3000:1<br \/>\nStandard Resolution: XGA\uff081024*768\uff09<br \/>\nZoom mode: fixed (fixed focus)<br \/>\nInput interface: HDMI\/VGA<br \/>\nProduct size: 345 \u00d7 85 \u00d7 303mm<br \/>\nRGB input analog RGB: 2 \u00d7 15 pin miniature D-sub terminal<br \/>\nHDMI input: 1 x HDMI terminal<br \/>\nVideo input component video: 2 \u00d7 15 pin miniature D-sub terminal (shared for RGB input)<br \/>\nS-Video: 1 x Miniature DIN Terminal<br \/>\nComposite video: 1 x RCA terminal<br \/>\n2 x Audio Input Micro Stereo Terminal<br \/>\n2 x RCA terminals (L\/R)<br \/>\n1 x microphone input micro mono terminal<\/p>\n<p>Output interface:<br \/>\nRGB output analog RGB: 1 \u00d7 15 pin miniature D-sub terminal<br \/>\n2 x Audio Output RCA Terminal (L\/R)<\/p>\n<p><strong><span style=\"color: #ff0000;\">Office and home projector, condition 99 new.<\/span><\/strong><br \/>\n<strong><span style=\"color: #ff0000;\">Hitachi branded projector, quality assurance.<\/span><\/strong><br \/>\n<strong><span style=\"color: #ff0000;\">Free one-year replacement, 3-month bulb replacement guarantee, lifetime service!<\/span><\/strong><br \/>\n<strong><span style=\"color: #ff0000;\">Service standard: Your satisfaction is our goal!<\/span><\/strong><\/p>\n","protected":false},"excerpt":{"rendered":"<p>Brightness: 3200 lumens<br \/>\nContrast ratio: 3000:1<br \/>\nStandard Resolution: XGA\uff081024*768\uff09<br \/>\nZoom mode: fixed (fixed focus)<br \/>\nInput interface: HDMI\/VGA<br \/>\nProduct size: 345 \u00d7 85 \u00d7 303mm<br \/>\nRGB input analog RGB: 2 \u00d7 15 pin miniature D-sub terminal<br \/>\nHDMI input: 1 x HDMI terminal<\/p>\n","protected":false},"featured_media":2452,"comment_status":"open","ping_status":"closed","template":"","meta":[],"product_cat":[51,23],"product_tag":[],"class_list":{"0":"post-2448","1":"product","2":"type-product","3":"status-publish","4":"has-post-thumbnail","6":"product_cat-electronics","7":"product_cat-projector","9":"first","10":"instock","11":"shipping-taxable","12":"purchasable","13":"product-type-simple"},"yoast_head":"<!-- This site is optimized with the Yoast SEO plugin v24.2 - https:\/\/yoast.com\/wordpress\/plugins\/seo\/ -->\n<title>Hitachi HITACH Short Distance LCD Projector HCP-Q86 - Halona<\/title>\n<meta name=\"robots\" content=\"index, follow, max-snippet:-1, max-image-preview:large, max-video-preview:-1\" \/>\n<link rel=\"canonical\" href=\"http:\/\/www.my-kml.com\/?product=hitachi-hitach-short-distance-lcd-projector-hcp-q86\" \/>\n<meta property=\"og:locale\" content=\"zh_CN\" \/>\n<meta property=\"og:type\" content=\"article\" \/>\n<meta property=\"og:title\" content=\"Hitachi HITACH Short Distance LCD Projector HCP-Q86 - Halona\" \/>\n<meta property=\"og:description\" content=\"Brightness: 3200 lumens Contrast ratio: 3000:1 Standard Resolution: XGA\uff081024*768\uff09 Zoom mode: fixed (fixed focus) Input interface: HDMI\/VGA Product size: 345 \u00d7 85 \u00d7 303mm RGB input analog RGB: 2 \u00d7 15 pin miniature D-sub terminal HDMI input: 1 x HDMI terminal\" \/>\n<meta property=\"og:url\" content=\"http:\/\/www.my-kml.com\/?product=hitachi-hitach-short-distance-lcd-projector-hcp-q86\" \/>\n<meta property=\"og:site_name\" content=\"Halona\" \/>\n<meta property=\"og:image\" content=\"http:\/\/www.my-kml.com\/wp-content\/uploads\/2025\/04\/\u65e5\u7acbq86-2.jpg\" \/>\n\t<meta property=\"og:image:width\" content=\"800\" \/>\n\t<meta property=\"og:image:height\" content=\"800\" \/>\n\t<meta property=\"og:image:type\" content=\"image\/jpeg\" \/>\n<meta name=\"twitter:card\" content=\"summary_large_image\" \/>\n<meta name=\"twitter:label1\" content=\"\u9884\u8ba1\u9605\u8bfb\u65f6\u95f4\" \/>\n\t<meta name=\"twitter:data1\" content=\"1 \u5206\" \/>\n<script type=\"application\/ld+json\" class=\"yoast-schema-graph\">{\"@context\":\"https:\/\/schema.org\",\"@graph\":[{\"@type\":\"WebPage\",\"@id\":\"http:\/\/www.my-kml.com\/?product=hitachi-hitach-short-distance-lcd-projector-hcp-q86\",\"url\":\"http:\/\/www.my-kml.com\/?product=hitachi-hitach-short-distance-lcd-projector-hcp-q86\",\"name\":\"Hitachi HITACH Short Distance LCD Projector HCP-Q86 - Halona\",\"isPartOf\":{\"@id\":\"http:\/\/www.my-kml.com\/#website\"},\"primaryImageOfPage\":{\"@id\":\"http:\/\/www.my-kml.com\/?product=hitachi-hitach-short-distance-lcd-projector-hcp-q86#primaryimage\"},\"image\":{\"@id\":\"http:\/\/www.my-kml.com\/?product=hitachi-hitach-short-distance-lcd-projector-hcp-q86#primaryimage\"},\"thumbnailUrl\":\"http:\/\/www.my-kml.com\/wp-content\/uploads\/2025\/04\/\u65e5\u7acbq86-2.jpg\",\"datePublished\":\"2025-04-02T14:20:29+00:00\",\"dateModified\":\"2025-04-02T14:20:29+00:00\",\"breadcrumb\":{\"@id\":\"http:\/\/www.my-kml.com\/?product=hitachi-hitach-short-distance-lcd-projector-hcp-q86#breadcrumb\"},\"inLanguage\":\"zh-Hans\",\"potentialAction\":[{\"@type\":\"ReadAction\",\"target\":[\"http:\/\/www.my-kml.com\/?product=hitachi-hitach-short-distance-lcd-projector-hcp-q86\"]}]},{\"@type\":\"ImageObject\",\"inLanguage\":\"zh-Hans\",\"@id\":\"http:\/\/www.my-kml.com\/?product=hitachi-hitach-short-distance-lcd-projector-hcp-q86#primaryimage\",\"url\":\"http:\/\/www.my-kml.com\/wp-content\/uploads\/2025\/04\/\u65e5\u7acbq86-2.jpg\",\"contentUrl\":\"http:\/\/www.my-kml.com\/wp-content\/uploads\/2025\/04\/\u65e5\u7acbq86-2.jpg\",\"width\":800,\"height\":800},{\"@type\":\"BreadcrumbList\",\"@id\":\"http:\/\/www.my-kml.com\/?product=hitachi-hitach-short-distance-lcd-projector-hcp-q86#breadcrumb\",\"itemListElement\":[{\"@type\":\"ListItem\",\"position\":1,\"name\":\"Home\",\"item\":\"http:\/\/www.my-kml.com\/\"},{\"@type\":\"ListItem\",\"position\":2,\"name\":\"Shop\",\"item\":\"http:\/\/www.my-kml.com\/?page_id=328\"},{\"@type\":\"ListItem\",\"position\":3,\"name\":\"Hitachi HITACH Short Distance LCD Projector HCP-Q86\"}]},{\"@type\":\"WebSite\",\"@id\":\"http:\/\/www.my-kml.com\/#website\",\"url\":\"http:\/\/www.my-kml.com\/\",\"name\":\"Halona\",\"description\":\"PC, LAPTOP AND PARTS\",\"potentialAction\":[{\"@type\":\"SearchAction\",\"target\":{\"@type\":\"EntryPoint\",\"urlTemplate\":\"http:\/\/www.my-kml.com\/?s={search_term_string}\"},\"query-input\":{\"@type\":\"PropertyValueSpecification\",\"valueRequired\":true,\"valueName\":\"search_term_string\"}}],\"inLanguage\":\"zh-Hans\"}]}<\/script>\n<!-- \/ Yoast SEO plugin. -->","yoast_head_json":{"title":"Hitachi HITACH Short Distance LCD Projector HCP-Q86 - Halona","robots":{"index":"index","follow":"follow","max-snippet":"max-snippet:-1","max-image-preview":"max-image-preview:large","max-video-preview":"max-video-preview:-1"},"canonical":"http:\/\/www.my-kml.com\/?product=hitachi-hitach-short-distance-lcd-projector-hcp-q86","og_locale":"zh_CN","og_type":"article","og_title":"Hitachi HITACH Short Distance LCD Projector HCP-Q86 - Halona","og_description":"Brightness: 3200 lumens Contrast ratio: 3000:1 Standard Resolution: XGA\uff081024*768\uff09 Zoom mode: fixed (fixed focus) Input interface: HDMI\/VGA Product size: 345 \u00d7 85 \u00d7 303mm RGB input analog RGB: 2 \u00d7 15 pin miniature D-sub terminal HDMI input: 1 x HDMI terminal","og_url":"http:\/\/www.my-kml.com\/?product=hitachi-hitach-short-distance-lcd-projector-hcp-q86","og_site_name":"Halona","og_image":[{"width":800,"height":800,"url":"http:\/\/www.my-kml.com\/wp-content\/uploads\/2025\/04\/\u65e5\u7acbq86-2.jpg","type":"image\/jpeg"}],"twitter_card":"summary_large_image","twitter_misc":{"\u9884\u8ba1\u9605\u8bfb\u65f6\u95f4":"1 \u5206"},"schema":{"@context":"https:\/\/schema.org","@graph":[{"@type":"WebPage","@id":"http:\/\/www.my-kml.com\/?product=hitachi-hitach-short-distance-lcd-projector-hcp-q86","url":"http:\/\/www.my-kml.com\/?product=hitachi-hitach-short-distance-lcd-projector-hcp-q86","name":"Hitachi HITACH Short Distance LCD Projector HCP-Q86 - Halona","isPartOf":{"@id":"http:\/\/www.my-kml.com\/#website"},"primaryImageOfPage":{"@id":"http:\/\/www.my-kml.com\/?product=hitachi-hitach-short-distance-lcd-projector-hcp-q86#primaryimage"},"image":{"@id":"http:\/\/www.my-kml.com\/?product=hitachi-hitach-short-distance-lcd-projector-hcp-q86#primaryimage"},"thumbnailUrl":"http:\/\/www.my-kml.com\/wp-content\/uploads\/2025\/04\/\u65e5\u7acbq86-2.jpg","datePublished":"2025-04-02T14:20:29+00:00","dateModified":"2025-04-02T14:20:29+00:00","breadcrumb":{"@id":"http:\/\/www.my-kml.com\/?product=hitachi-hitach-short-distance-lcd-projector-hcp-q86#breadcrumb"},"inLanguage":"zh-Hans","potentialAction":[{"@type":"ReadAction","target":["http:\/\/www.my-kml.com\/?product=hitachi-hitach-short-distance-lcd-projector-hcp-q86"]}]},{"@type":"ImageObject","inLanguage":"zh-Hans","@id":"http:\/\/www.my-kml.com\/?product=hitachi-hitach-short-distance-lcd-projector-hcp-q86#primaryimage","url":"http:\/\/www.my-kml.com\/wp-content\/uploads\/2025\/04\/\u65e5\u7acbq86-2.jpg","contentUrl":"http:\/\/www.my-kml.com\/wp-content\/uploads\/2025\/04\/\u65e5\u7acbq86-2.jpg","width":800,"height":800},{"@type":"BreadcrumbList","@id":"http:\/\/www.my-kml.com\/?product=hitachi-hitach-short-distance-lcd-projector-hcp-q86#breadcrumb","itemListElement":[{"@type":"ListItem","position":1,"name":"Home","item":"http:\/\/www.my-kml.com\/"},{"@type":"ListItem","position":2,"name":"Shop","item":"http:\/\/www.my-kml.com\/?page_id=328"},{"@type":"ListItem","position":3,"name":"Hitachi HITACH Short Distance LCD Projector HCP-Q86"}]},{"@type":"WebSite","@id":"http:\/\/www.my-kml.com\/#website","url":"http:\/\/www.my-kml.com\/","name":"Halona","description":"PC, LAPTOP AND PARTS","potentialAction":[{"@type":"SearchAction","target":{"@type":"EntryPoint","urlTemplate":"http:\/\/www.my-kml.com\/?s={search_term_string}"},"query-input":{"@type":"PropertyValueSpecification","valueRequired":true,"valueName":"search_term_string"}}],"inLanguage":"zh-Hans"}]}},"_links":{"self":[{"href":"http:\/\/www.my-kml.com\/index.php?rest_route=\/wp\/v2\/product\/2448","targetHints":{"allow":["GET"]}}],"collection":[{"href":"http:\/\/www.my-kml.com\/index.php?rest_route=\/wp\/v2\/product"}],"about":[{"href":"http:\/\/www.my-kml.com\/index.php?rest_route=\/wp\/v2\/types\/product"}],"replies":[{"embeddable":true,"href":"http:\/\/www.my-kml.com\/index.php?rest_route=%2Fwp%2Fv2%2Fcomments&post=2448"}],"wp:featuredmedia":[{"embeddable":true,"href":"http:\/\/www.my-kml.com\/index.php?rest_route=\/wp\/v2\/media\/2452"}],"wp:attachment":[{"href":"http:\/\/www.my-kml.com\/index.php?rest_route=%2Fwp%2Fv2%2Fmedia&parent=2448"}],"wp:term":[{"taxonomy":"product_cat","embeddable":true,"href":"http:\/\/www.my-kml.com\/index.php?rest_route=%2Fwp%2Fv2%2Fproduct_cat&post=2448"},{"taxonomy":"product_tag","embeddable":true,"href":"http:\/\/www.my-kml.com\/index.php?rest_route=%2Fwp%2Fv2%2Fproduct_tag&post=2448"}],"curies":[{"name":"wp","href":"https:\/\/api.w.org\/{rel}","templated":true}]}}